{"id":3710,"date":"2024-05-28T15:28:43","date_gmt":"2024-05-28T15:28:43","guid":{"rendered":"https:\/\/babatree.insquare.cc\/?page_id=3710"},"modified":"2024-08-21T16:17:46","modified_gmt":"2024-08-21T16:17:46","slug":"welcome","status":"publish","type":"page","link":"https:\/\/babatree.kwabena.co\/fr\/welcome\/","title":{"rendered":"Bienvenue"},"content":{"rendered":"<div data-elementor-type=\"wp-page\" data-elementor-id=\"3710\" class=\"elementor elementor-3710\" data-elementor-post-type=\"page\">\n\t\t\t\t<div class=\"elementor-element elementor-element-7b519c4 e-con-full e-flex e-con e-parent\" data-id=\"7b519c4\" data-element_type=\"container\">\n\t\t<div class=\"elementor-element elementor-element-35b29a7 e-con-full e-flex e-con e-child\" data-id=\"35b29a7\" data-element_type=\"container\" data-settings=\"{&quot;background_background&quot;:&quot;classic&quot;}\">\n\t\t<div class=\"elementor-element elementor-element-3975dec e-con-full e-flex e-con e-child\" data-id=\"3975dec\" data-element_type=\"container\">\n\t\t\t\t<div class=\"elementor-element elementor-element-72419a0 elementor-widget elementor-widget-image\" data-id=\"72419a0\" data-element_type=\"widget\" data-widget_type=\"image.default\">\n\t\t\t\t<div class=\"elementor-widget-container\">\n\t\t\t\t\t\t\t\t\t\t\t\t\t\t\t\t<a href=\"\/\">\n\t\t\t\t\t\t\t<img fetchpriority=\"high\" decoding=\"async\" width=\"2285\" height=\"411\" src=\"https:\/\/babatree.kwabena.co\/wp-content\/uploads\/2024\/08\/wholesale.png\" class=\"attachment-full size-full wp-image-9334 wvs-archive-product-image\" alt=\"\" srcset=\"https:\/\/babatree.kwabena.co\/wp-content\/uploads\/2024\/08\/wholesale.png 2285w, https:\/\/babatree.kwabena.co\/wp-content\/uploads\/2024\/08\/wholesale-1200x216.png 1200w, https:\/\/babatree.kwabena.co\/wp-content\/uploads\/2024\/08\/wholesale-64x12.png 64w, https:\/\/babatree.kwabena.co\/wp-content\/uploads\/2024\/08\/wholesale-600x108.png 600w, https:\/\/babatree.kwabena.co\/wp-content\/uploads\/2024\/08\/wholesale-1080x194.png 1080w, https:\/\/babatree.kwabena.co\/wp-content\/uploads\/2024\/08\/wholesale-768x138.png 768w, https:\/\/babatree.kwabena.co\/wp-content\/uploads\/2024\/08\/wholesale-1536x276.png 1536w, https:\/\/babatree.kwabena.co\/wp-content\/uploads\/2024\/08\/wholesale-2048x368.png 2048w, https:\/\/babatree.kwabena.co\/wp-content\/uploads\/2024\/08\/wholesale-18x3.png 18w, https:\/\/babatree.kwabena.co\/wp-content\/uploads\/2024\/08\/wholesale-1320x237.png 1320w\" sizes=\"(max-width: 2285px) 100vw, 2285px\" \/>\t\t\t\t\t\t\t\t<\/a>\n\t\t\t\t\t\t\t\t\t\t\t\t\t\t\t<\/div>\n\t\t\t\t<\/div>\n\t\t\t\t<div class=\"elementor-element elementor-element-ef4f4c2 elementor-widget elementor-widget-heading\" data-id=\"ef4f4c2\" data-element_type=\"widget\" data-widget_type=\"heading.default\">\n\t\t\t\t<div class=\"elementor-widget-container\">\n\t\t\t\t\t<h2 class=\"elementor-heading-title elementor-size-default\">Des paniers de la plus haute qualit\u00e9 fabriqu\u00e9s de mani\u00e8re \u00e9thique par des artisans tisserands \u00e0 Bolgatanga, au Ghana.<\/h2>\t\t\t\t<\/div>\n\t\t\t\t<\/div>\n\t\t\t\t<div class=\"elementor-element elementor-element-0f51645 elementor-widget elementor-widget-heading\" data-id=\"0f51645\" data-element_type=\"widget\" data-widget_type=\"heading.default\">\n\t\t\t\t<div class=\"elementor-widget-container\">\n\t\t\t\t\t<h2 class=\"elementor-heading-title elementor-size-default\">Si vous souhaitez devenir un client grossiste, veuillez remplir la demande de vente en gros en cliquant sur \"Cr\u00e9er un compte\" ci-dessous. \"Cliquez pour vous connecter si vous \u00eates d\u00e9j\u00e0 client.<\/h2>\t\t\t\t<\/div>\n\t\t\t\t<\/div>\n\t\t\t\t<div class=\"elementor-element elementor-element-cbf47a4 elementor-widget elementor-widget-spacer\" data-id=\"cbf47a4\" data-element_type=\"widget\" data-widget_type=\"spacer.default\">\n\t\t\t\t<div class=\"elementor-widget-container\">\n\t\t\t\t\t\t\t<div class=\"elementor-spacer\">\n\t\t\t<div class=\"elementor-spacer-inner\"><\/div>\n\t\t<\/div>\n\t\t\t\t\t\t<\/div>\n\t\t\t\t<\/div>\n\t\t<div class=\"elementor-element elementor-element-d18ce74 e-con-full e-flex e-con e-child\" data-id=\"d18ce74\" data-element_type=\"container\" data-settings=\"{&quot;background_background&quot;:&quot;classic&quot;}\">\n\t\t\t\t<div class=\"elementor-element elementor-element-21d4bf4 elementor-widget elementor-widget-heading\" data-id=\"21d4bf4\" data-element_type=\"widget\" data-widget_type=\"heading.default\">\n\t\t\t\t<div class=\"elementor-widget-container\">\n\t\t\t\t\t<h2 class=\"elementor-heading-title elementor-size-default\">Je suis un client existant <\/h2>\t\t\t\t<\/div>\n\t\t\t\t<\/div>\n\t\t\t\t<div class=\"elementor-element elementor-element-79e8b11 elementor-align-justify elementor-widget elementor-widget-button\" data-id=\"79e8b11\" data-element_type=\"widget\" data-widget_type=\"button.default\">\n\t\t\t\t<div class=\"elementor-widget-container\">\n\t\t\t\t\t\t\t\t\t<div class=\"elementor-button-wrapper\">\n\t\t\t\t\t<a class=\"elementor-button elementor-button-link elementor-size-sm\" href=\"https:\/\/babatree.kwabena.co\/fr\/new-sign-in\/\">\n\t\t\t\t\t\t<span class=\"elementor-button-content-wrapper\">\n\t\t\t\t\t\t\t\t\t<span class=\"elementor-button-text\">Cliquer pour se connecter<\/span>\n\t\t\t\t\t<\/span>\n\t\t\t\t\t<\/a>\n\t\t\t\t<\/div>\n\t\t\t\t\t\t\t\t<\/div>\n\t\t\t\t<\/div>\n\t\t\t\t<\/div>\n\t\t\t\t<div class=\"elementor-element elementor-element-a085af7 elementor-widget elementor-widget-spacer\" data-id=\"a085af7\" data-element_type=\"widget\" data-widget_type=\"spacer.default\">\n\t\t\t\t<div class=\"elementor-widget-container\">\n\t\t\t\t\t\t\t<div class=\"elementor-spacer\">\n\t\t\t<div class=\"elementor-spacer-inner\"><\/div>\n\t\t<\/div>\n\t\t\t\t\t\t<\/div>\n\t\t\t\t<\/div>\n\t\t<div class=\"elementor-element elementor-element-956a335 e-con-full e-flex e-con e-child\" data-id=\"956a335\" data-element_type=\"container\" data-settings=\"{&quot;background_background&quot;:&quot;classic&quot;}\">\n\t\t\t\t<div class=\"elementor-element elementor-element-ab944f0 elementor-widget elementor-widget-heading\" data-id=\"ab944f0\" data-element_type=\"widget\" data-widget_type=\"heading.default\">\n\t\t\t\t<div class=\"elementor-widget-container\">\n\t\t\t\t\t<h2 class=\"elementor-heading-title elementor-size-default\">Je suis un nouveau client<\/h2>\t\t\t\t<\/div>\n\t\t\t\t<\/div>\n\t\t\t\t<div class=\"elementor-element elementor-element-41f790f elementor-align-justify elementor-widget elementor-widget-button\" data-id=\"41f790f\" data-element_type=\"widget\" data-widget_type=\"button.default\">\n\t\t\t\t<div class=\"elementor-widget-container\">\n\t\t\t\t\t\t\t\t\t<div class=\"elementor-button-wrapper\">\n\t\t\t\t\t<a class=\"elementor-button elementor-button-link elementor-size-sm\" href=\"https:\/\/babatree.kwabena.co\/fr\/wholesale-application\/\">\n\t\t\t\t\t\t<span class=\"elementor-button-content-wrapper\">\n\t\t\t\t\t\t\t\t\t<span class=\"elementor-button-text\">Cr\u00e9er un compte<\/span>\n\t\t\t\t\t<\/span>\n\t\t\t\t\t<\/a>\n\t\t\t\t<\/div>\n\t\t\t\t\t\t\t\t<\/div>\n\t\t\t\t<\/div>\n\t\t\t\t<\/div>\n\t\t\t\t<\/div>\n\t\t<div class=\"elementor-element elementor-element-b5b7457 e-con-full e-flex e-con e-child\" data-id=\"b5b7457\" data-element_type=\"container\">\n\t\t<div class=\"elementor-element elementor-element-8cb4121 e-con-full e-flex e-con e-child\" data-id=\"8cb4121\" data-element_type=\"container\">\n\t\t\t\t<div class=\"elementor-element elementor-element-ce2747e elementor-position-left elementor-vertical-align-middle elementor-position-left elementor-vertical-align-middle elementor-widget elementor-widget-image-box\" data-id=\"ce2747e\" data-element_type=\"widget\" data-widget_type=\"image-box.default\">\n\t\t\t\t<div class=\"elementor-widget-container\">\n\t\t\t\t\t<div class=\"elementor-image-box-wrapper\"><figure class=\"elementor-image-box-img\"><img decoding=\"async\" width=\"512\" height=\"513\" src=\"https:\/\/babatree.kwabena.co\/wp-content\/uploads\/2024\/05\/Babatree512.png\" class=\"attachment-full size-full wp-image-15 wvs-archive-product-image\" alt=\"Baba Tree Company Logo\" srcset=\"https:\/\/babatree.kwabena.co\/wp-content\/uploads\/2024\/05\/Babatree512.png 512w, https:\/\/babatree.kwabena.co\/wp-content\/uploads\/2024\/05\/Babatree512-100x100.png 100w, https:\/\/babatree.kwabena.co\/wp-content\/uploads\/2024\/05\/Babatree512-64x64.png 64w, https:\/\/babatree.kwabena.co\/wp-content\/uploads\/2024\/05\/Babatree512-150x150.png 150w\" sizes=\"(max-width: 512px) 100vw, 512px\" \/><\/figure><div class=\"elementor-image-box-content\"><h3 class=\"elementor-image-box-title\">Site web du commerce de gros<\/h3><\/div><\/div>\t\t\t\t<\/div>\n\t\t\t\t<\/div>\n\t\t\t\t<\/div>\n\t\t<div class=\"elementor-element elementor-element-2c0cbed e-con-full e-flex e-con e-child\" data-id=\"2c0cbed\" data-element_type=\"container\">\n\t\t\t\t<div class=\"elementor-element elementor-element-9323d2e elementor-widget elementor-widget-heading\" data-id=\"9323d2e\" data-element_type=\"widget\" data-widget_type=\"heading.default\">\n\t\t\t\t<div class=\"elementor-widget-container\">\n\t\t\t\t\t<h2 class=\"elementor-heading-title elementor-size-default\">The Baba Tree Basket Company 2024<\/h2>\t\t\t\t<\/div>\n\t\t\t\t<\/div>\n\t\t\t\t<\/div>\n\t\t\t\t<\/div>\n\t\t\t\t<\/div>\n\t\t<div class=\"elementor-element elementor-element-f227f39 e-con-full elementor-hidden-mobile e-flex e-con e-child\" data-id=\"f227f39\" data-element_type=\"container\" data-settings=\"{&quot;background_background&quot;:&quot;slideshow&quot;,&quot;background_slideshow_gallery&quot;:[{&quot;id&quot;:8793,&quot;url&quot;:&quot;https:\\\/\\\/babatree.kwabena.co\\\/wp-content\\\/uploads\\\/2024\\\/07\\\/Login16.webp&quot;},{&quot;id&quot;:8794,&quot;url&quot;:&quot;https:\\\/\\\/babatree.kwabena.co\\\/wp-content\\\/uploads\\\/2024\\\/07\\\/Login17.webp&quot;},{&quot;id&quot;:8797,&quot;url&quot;:&quot;https:\\\/\\\/babatree.kwabena.co\\\/wp-content\\\/uploads\\\/2024\\\/07\\\/Login22.webp&quot;},{&quot;id&quot;:8800,&quot;url&quot;:&quot;https:\\\/\\\/babatree.kwabena.co\\\/wp-content\\\/uploads\\\/2024\\\/07\\\/Login28.webp&quot;},{&quot;id&quot;:8803,&quot;url&quot;:&quot;https:\\\/\\\/babatree.kwabena.co\\\/wp-content\\\/uploads\\\/2024\\\/07\\\/Login31.webp&quot;}],&quot;background_slideshow_transition_duration&quot;:4000,&quot;background_slideshow_ken_burns&quot;:&quot;yes&quot;,&quot;background_slideshow_slide_duration&quot;:4000,&quot;background_slideshow_loop&quot;:&quot;yes&quot;,&quot;background_slideshow_slide_transition&quot;:&quot;fade&quot;,&quot;background_slideshow_ken_burns_zoom_direction&quot;:&quot;in&quot;}\">\n\t\t\t\t<div class=\"elementor-element elementor-element-1608aba elementor-widget elementor-widget-spacer\" data-id=\"1608aba\" data-element_type=\"widget\" data-widget_type=\"spacer.default\">\n\t\t\t\t<div class=\"elementor-widget-container\">\n\t\t\t\t\t\t\t<div class=\"elementor-spacer\">\n\t\t\t<div class=\"elementor-spacer-inner\"><\/div>\n\t\t<\/div>\n\t\t\t\t\t\t<\/div>\n\t\t\t\t<\/div>\n\t\t\t\t<\/div>\n\t\t\t\t<\/div>\n\t\t\t\t<\/div>","protected":false},"excerpt":{"rendered":"<p>Des paniers de la plus haute qualit\u00e9 fabriqu\u00e9s de mani\u00e8re \u00e9thique par des artisans tisserands \u00e0 Bolgatanga, au Ghana. Si vous souhaitez devenir un client grossiste, veuillez remplir la demande de vente en gros en cliquant sur \"Cr\u00e9er un compte\" ci-dessous. \"Cliquez pour vous connecter si vous \u00eates d\u00e9j\u00e0 client. Je suis un client existant Cliquez pour vous connecter Je suis un nouveau client Cr\u00e9er un compte Vente en gros [...]<\/p>","protected":false},"author":1,"featured_media":0,"parent":0,"menu_order":0,"comment_status":"closed","ping_status":"closed","template":"elementor_canvas","meta":{"site-sidebar-layout":"no-sidebar","site-content-layout":"page-builder","ast-site-content-layout":"full-width-container","site-content-style":"default","site-sidebar-style":"default","ast-global-header-display":"","ast-banner-title-visibility":"","ast-main-header-display":"","ast-hfb-above-header-display":"","ast-hfb-below-header-display":"","ast-hfb-mobile-header-display":"","site-post-title":"disabled","ast-breadcrumbs-content":"","ast-featured-img":"disabled","footer-sml-layout":"","theme-transparent-header-meta":"","adv-header-id-meta":"","stick-header-meta":"","header-above-stick-meta":"","header-main-stick-meta":"","header-below-stick-meta":"","astra-migrate-meta-layouts":"set","ast-page-background-enabled":"default","ast-page-background-meta":{"desktop":{"background-color":"","background-image":"","background-repeat":"repeat","background-position":"center center","background-size":"auto","background-attachment":"scroll","background-type":"","background-media":"","overlay-type":"","overlay-color":"","overlay-opacity":"","overlay-gradient":""},"tablet":{"background-color":"","background-image":"","background-repeat":"repeat","background-position":"center center","background-size":"auto","background-attachment":"scroll","background-type":"","background-media":"","overlay-type":"","overlay-color":"","overlay-opacity":"","overlay-gradient":""},"mobile":{"background-color":"","background-image":"","background-repeat":"repeat","background-position":"center center","background-size":"auto","background-attachment":"scroll","background-type":"","background-media":"","overlay-type":"","overlay-color":"","overlay-opacity":"","overlay-gradient":""}},"ast-content-background-meta":{"desktop":{"background-color":"var(--ast-global-color-5)","background-image":"","background-repeat":"repeat","background-position":"center center","background-size":"auto","background-attachment":"scroll","background-type":"","background-media":"","overlay-type":"","overlay-color":"","overlay-opacity":"","overlay-gradient":""},"tablet":{"background-color":"var(--ast-global-color-5)","background-image":"","background-repeat":"repeat","background-position":"center center","background-size":"auto","background-attachment":"scroll","background-type":"","background-media":"","overlay-type":"","overlay-color":"","overlay-opacity":"","overlay-gradient":""},"mobile":{"background-color":"var(--ast-global-color-5)","background-image":"","background-repeat":"repeat","background-position":"center center","background-size":"auto","background-attachment":"scroll","background-type":"","background-media":"","overlay-type":"","overlay-color":"","overlay-opacity":"","overlay-gradient":""}},"footnotes":""},"class_list":["post-3710","page","type-page","status-publish","hentry"],"_links":{"self":[{"href":"https:\/\/babatree.kwabena.co\/fr\/wp-json\/wp\/v2\/pages\/3710","targetHints":{"allow":["GET"]}}],"collection":[{"href":"https:\/\/babatree.kwabena.co\/fr\/wp-json\/wp\/v2\/pages"}],"about":[{"href":"https:\/\/babatree.kwabena.co\/fr\/wp-json\/wp\/v2\/types\/page"}],"author":[{"embeddable":true,"href":"https:\/\/babatree.kwabena.co\/fr\/wp-json\/wp\/v2\/users\/1"}],"replies":[{"embeddable":true,"href":"https:\/\/babatree.kwabena.co\/fr\/wp-json\/wp\/v2\/comments?post=3710"}],"version-history":[{"count":334,"href":"https:\/\/babatree.kwabena.co\/fr\/wp-json\/wp\/v2\/pages\/3710\/revisions"}],"predecessor-version":[{"id":9564,"href":"https:\/\/babatree.kwabena.co\/fr\/wp-json\/wp\/v2\/pages\/3710\/revisions\/9564"}],"wp:attachment":[{"href":"https:\/\/babatree.kwabena.co\/fr\/wp-json\/wp\/v2\/media?parent=3710"}],"curies":[{"name":"wp","href":"https:\/\/api.w.org\/{rel}","templated":true}]}}